{"id":1628,"date":"2021-02-20T17:36:17","date_gmt":"2021-02-20T17:36:17","guid":{"rendered":"https:\/\/mfsfedex.com\/wp\/?page_id=1628"},"modified":"2021-02-21T18:00:59","modified_gmt":"2021-02-21T18:00:59","slug":"fret-routier","status":"publish","type":"page","link":"https:\/\/mfsfedex.com\/wp\/fret-routier\/","title":{"rendered":"FRET ROUTIER"},"content":{"rendered":"\t\t<div data-elementor-type=\"wp-page\" data-elementor-id=\"1628\" class=\"elementor elementor-1628\" data-elementor-settings=\"[]\">\n\t\t\t\t\t\t\t<div class=\"elementor-section-wrap\">\n\t\t\t\t\t\t\t<section class=\"elementor-section elementor-top-section elementor-element elementor-element-c16f064 elementor-section-stretched elementor-section-height-min-height elementor-section-boxed elementor-section-height-default elementor-section-items-middle elementor-invisible\" data-id=\"c16f064\" data-element_type=\"section\" data-settings=\"{&quot;background_background&quot;:&quot;classic&quot;,&quot;stretch_section&quot;:&quot;section-stretched&quot;,&quot;animation&quot;:&quot;fadeIn&quot;}\">\n\t\t\t\t\t\t\t<div class=\"elementor-background-overlay\"><\/div>\n\t\t\t\t\t\t\t<div class=\"elementor-container elementor-column-gap-no\">\n\t\t\t\t\t<div class=\"elementor-column elementor-col-100 elementor-top-column elementor-element elementor-element-c5e64f2\" data-id=\"c5e64f2\" data-element_type=\"column\">\n\t\t\t<div class=\"elementor-widget-wrap elementor-element-populated\">\n\t\t\t\t\t\t\t\t<div class=\"elementor-element elementor-element-0ecfe41 elementor-widget elementor-widget-heading\" data-id=\"0ecfe41\" data-element_type=\"widget\" data-widget_type=\"heading.default\">\n\t\t\t\t<div class=\"elementor-widget-container\">\n\t\t\t<h1 class=\"elementor-heading-title elementor-size-default\">TRANSPORT ROUTIER<\/h1>\t\t<\/div>\n\t\t\t\t<\/div>\n\t\t\t\t<div class=\"elementor-element elementor-element-795d8b6 elementor-widget elementor-widget-heading\" data-id=\"795d8b6\" data-element_type=\"widget\" data-widget_type=\"heading.default\">\n\t\t\t\t<div class=\"elementor-widget-container\">\n\t\t\t<h5 class=\"elementor-heading-title elementor-size-default\">DES MOYENS POUR MIEUX VOUS SERVIR \u00c0 TRAVERS LE MONDE<\/h5>\t\t<\/div>\n\t\t\t\t<\/div>\n\t\t\t\t\t<\/div>\n\t\t<\/div>\n\t\t\t\t\t\t\t<\/div>\n\t\t<\/section>\n\t\t\t\t<section class=\"elementor-section elementor-top-section elementor-element elementor-element-5576750 elementor-section-boxed elementor-section-height-default elementor-section-height-default\" data-id=\"5576750\" data-element_type=\"section\">\n\t\t\t\t\t\t<div class=\"elementor-container elementor-column-gap-default\">\n\t\t\t\t\t<div class=\"elementor-column elementor-col-100 elementor-top-column elementor-element elementor-element-69a7d01\" data-id=\"69a7d01\" data-element_type=\"column\">\n\t\t\t<div class=\"elementor-widget-wrap elementor-element-populated\">\n\t\t\t\t\t\t\t\t<div class=\"elementor-element elementor-element-d495186 elementor-widget elementor-widget-toggle\" data-id=\"d495186\" data-element_type=\"widget\" data-widget_type=\"toggle.default\">\n\t\t\t\t<div class=\"elementor-widget-container\">\n\t\t\t\t\t<div class=\"elementor-toggle\" role=\"tablist\">\n\t\t\t\t\t\t\t<div class=\"elementor-toggle-item\">\n\t\t\t\t\t<h3 id=\"elementor-tab-title-2221\" class=\"elementor-tab-title\" data-tab=\"1\" role=\"tab\" aria-controls=\"elementor-tab-content-2221\" aria-expanded=\"false\">\n\t\t\t\t\t\t\t\t\t\t\t\t<span class=\"elementor-toggle-icon elementor-toggle-icon-left\" aria-hidden=\"true\">\n\t\t\t\t\t\t\t\t\t\t\t\t\t\t\t<span class=\"elementor-toggle-icon-closed\"><i class=\"fas fa-angle-double-down\"><\/i><\/span>\n\t\t\t\t\t\t\t\t<span class=\"elementor-toggle-icon-opened\"><i class=\"elementor-toggle-icon-opened fas fa-shipping-fast\"><\/i><\/span>\n\t\t\t\t\t\t\t\t\t\t\t\t\t<\/span>\n\t\t\t\t\t\t\t\t\t\t\t\t<a href=\"\" class=\"elementor-toggle-title\">TRANSPORT ROUTIER<\/a>\n\t\t\t\t\t<\/h3>\n\t\t\t\t\t<div id=\"elementor-tab-content-2221\" class=\"elementor-tab-content elementor-clearfix\" data-tab=\"1\" role=\"tabpanel\" aria-labelledby=\"elementor-tab-title-2221\"><p>En transport routier, nous faisons appel aux meilleures compagnies ; nous couvrons l\u2019ensemble des destinations\/provenances Europ\u00e9ennes ainsi que de nombreux pays de l\u2019Afrique, en assurant des d\u00e9parts r\u00e9guliers depuis diff\u00e9rentes plateformes \u00e0 l\u2019import comme \u00e0 l\u2019export.<\/p><p>Notre \u00e9quipe met \u00e0 votre disposition un planning de remorques depuis plusieurs villes Europ\u00e9ennes et ce \u00e0 des prix d\u00e9fiant toute concurrence.<\/p><p>Nous vous garantissons l\u2019acheminement de vos marchandises, chaque semaine, en toute s\u00e9curit\u00e9, tout en minimisant vos co\u00fbts logistiques.<\/p><p>Pour r\u00e9pondre au mieux \u00e0 vos attentes nous vous proposons deux types de prestations :<\/p><ul style=\"list-style-type: disc;\"><li>Service camion complet<\/li><li>Service groupage camion (LTL) avec d\u00e9part hebdomadaire r\u00e9gulier<\/li><\/ul><\/div>\n\t\t\t\t<\/div>\n\t\t\t\t\t\t\t<div class=\"elementor-toggle-item\">\n\t\t\t\t\t<h3 id=\"elementor-tab-title-2222\" class=\"elementor-tab-title\" data-tab=\"2\" role=\"tab\" aria-controls=\"elementor-tab-content-2222\" aria-expanded=\"false\">\n\t\t\t\t\t\t\t\t\t\t\t\t<span class=\"elementor-toggle-icon elementor-toggle-icon-left\" aria-hidden=\"true\">\n\t\t\t\t\t\t\t\t\t\t\t\t\t\t\t<span class=\"elementor-toggle-icon-closed\"><i class=\"fas fa-angle-double-down\"><\/i><\/span>\n\t\t\t\t\t\t\t\t<span class=\"elementor-toggle-icon-opened\"><i class=\"elementor-toggle-icon-opened fas fa-shipping-fast\"><\/i><\/span>\n\t\t\t\t\t\t\t\t\t\t\t\t\t<\/span>\n\t\t\t\t\t\t\t\t\t\t\t\t<a href=\"\" class=\"elementor-toggle-title\">NOS SERVICES<\/a>\n\t\t\t\t\t<\/h3>\n\t\t\t\t\t<div id=\"elementor-tab-content-2222\" class=\"elementor-tab-content elementor-clearfix\" data-tab=\"2\" role=\"tabpanel\" aria-labelledby=\"elementor-tab-title-2222\"><ul><li>Camion en Groupage<\/li><li>Camion complet (tous types de camions et d\u2019\u00e9quipements)<\/li><li>Transport de produits industriels et mati\u00e8res dangereuses<\/li><li>Service porte \u00e0 porte<\/li><li>D\u00e9part r\u00e9guliers et garantie de d\u00e9lais<\/li><\/ul><\/div>\n\t\t\t\t<\/div>\n\t\t\t\t\t<\/div>\n\t\t\t\t<\/div>\n\t\t\t\t<\/div>\n\t\t\t\t\t<\/div>\n\t\t<\/div>\n\t\t\t\t\t\t\t<\/div>\n\t\t<\/section>\n\t\t\t\t\t\t<\/div>\n\t\t\t\t\t<\/div>\n\t\t","protected":false},"excerpt":{"rendered":"<p>TRANSPORT ROUTIER DES MOYENS POUR MIEUX VOUS SERVIR \u00c0 TRAVERS LE MONDE TRANSPORT ROUTIER En transport routier, nous faisons appel aux meilleures compagnies ; nous couvrons l\u2019ensemble des destinations\/provenances Europ\u00e9ennes ainsi que de nombreux pays de l\u2019Afrique, en assurant des d\u00e9parts r\u00e9guliers depuis diff\u00e9rentes plateformes \u00e0 l\u2019import comme \u00e0 l\u2019export. Notre \u00e9quipe met \u00e0 votre &hellip;<\/p>\n<p class=\"read-more\"> <a class=\"\" href=\"https:\/\/mfsfedex.com\/wp\/fret-routier\/\"> <span class=\"screen-reader-text\">FRET ROUTIER<\/span> Lire la suite \u00bb<\/a><\/p>\n","protected":false},"author":1,"featured_media":0,"parent":0,"menu_order":0,"comment_status":"closed","ping_status":"closed","template":"elementor_theme","meta":{"footnotes":""},"class_list":["post-1628","page","type-page","status-publish","hentry"],"_links":{"self":[{"href":"https:\/\/mfsfedex.com\/wp\/wp-json\/wp\/v2\/pages\/1628","targetHints":{"allow":["GET"]}}],"collection":[{"href":"https:\/\/mfsfedex.com\/wp\/wp-json\/wp\/v2\/pages"}],"about":[{"href":"https:\/\/mfsfedex.com\/wp\/wp-json\/wp\/v2\/types\/page"}],"author":[{"embeddable":true,"href":"https:\/\/mfsfedex.com\/wp\/wp-json\/wp\/v2\/users\/1"}],"replies":[{"embeddable":true,"href":"https:\/\/mfsfedex.com\/wp\/wp-json\/wp\/v2\/comments?post=1628"}],"version-history":[{"count":53,"href":"https:\/\/mfsfedex.com\/wp\/wp-json\/wp\/v2\/pages\/1628\/revisions"}],"predecessor-version":[{"id":1732,"href":"https:\/\/mfsfedex.com\/wp\/wp-json\/wp\/v2\/pages\/1628\/revisions\/1732"}],"wp:attachment":[{"href":"https:\/\/mfsfedex.com\/wp\/wp-json\/wp\/v2\/media?parent=1628"}],"curies":[{"name":"wp","href":"https:\/\/api.w.org\/{rel}","templated":true}]}}